{"id":54,"date":"2020-03-19T12:53:58","date_gmt":"2020-03-19T12:53:58","guid":{"rendered":"https:\/\/joshandtheblackbirds.de\/?page_id=54"},"modified":"2025-01-02T12:12:30","modified_gmt":"2025-01-02T12:12:30","slug":"legal","status":"publish","type":"page","link":"https:\/\/eventhelosers.de\/index.php\/legal\/","title":{"rendered":"LEGAL"},"content":{"rendered":"\n<blockquote class=\"wp-block-quote is-layout-flow wp-block-quote-is-layout-flow\">\n<p>IMPRESSUM<\/p>\n<\/blockquote>\n\n\n\n<p>Angaben gem\u00e4\u00df \u00a7 5 TMG<br>Sebastian Olbrich<br><br>so [\u00e4t] taop.de<\/p>\n\n\n\n<p>Verantwortlich f\u00fcr den Inhalt nach \u00a7 55 Abs. 2 RStV:<br>Serjoscha Huff, Christopher Heimer<\/p>\n\n\n\n<p>FOTOS \/ DESIGN \u2013 Roland Fechter \/ Christopher Heimer<\/p>\n\n\n\n<h4 class=\"wp-block-heading\">Haftungsausschluss<\/h4>\n\n\n\n<p><strong>Haftung f\u00fcr Inhalte<\/strong><\/p>\n\n\n\n<p>Die Inhalte unserer Seiten wurden mit gr\u00f6\u00dfter Sorgfalt erstellt. F\u00fcr die  Richtigkeit, Vollst\u00e4ndigkeit und Aktualit\u00e4t der Inhalte k\u00f6nnen wir  jedoch keine Gew\u00e4hr \u00fcbernehmen. Als Diensteanbieter sind wir gem\u00e4\u00df \u00a7 7  Abs.1 TMG f\u00fcr eigene Inhalte auf diesen Seiten nach den allgemeinen  Gesetzen verantwortlich. Nach \u00a7\u00a7 8 bis 10 TMG sind wir als  Diensteanbieter jedoch nicht verpflichtet, \u00fcbermittelte oder  gespeicherte fremde Informationen zu \u00fcberwachen oder nach Umst\u00e4nden zu  forschen, die auf eine rechtswidrige T\u00e4tigkeit hinweisen.  Verpflichtungen zur Entfernung oder Sperrung der Nutzung von  Informationen nach den allgemeinen Gesetzen bleiben hiervon unber\u00fchrt.  Eine diesbez\u00fcgliche Haftung ist jedoch erst ab dem Zeitpunkt der  Kenntnis einer konkreten Rechtsverletzung m\u00f6glich. Bei Bekanntwerden von  entsprechenden Rechtsverletzungen werden wir diese Inhalte umgehend  entfernen.<\/p>\n\n\n\n<p><strong>Haftung f\u00fcr Links<\/strong><\/p>\n\n\n\n<p>Unser Angebot enth\u00e4lt Links zu externen Webseiten Dritter, auf deren Inhalte wir keinen Einfluss haben. Deshalb k\u00f6nnen wir f\u00fcr diese fremden  Inhalte auch keine Gew\u00e4hr \u00fcbernehmen. F\u00fcr die Inhalte der verlinkten  Seiten ist stets der jeweilige Anbieter oder Betreiber der Seiten verantwortlich. Die verlinkten Seiten wurden zum Zeitpunkt der Verlinkung auf m\u00f6gliche Rechtsverst\u00f6\u00dfe \u00fcberpr\u00fcft. Rechtswidrige Inhalte  waren zum Zeitpunkt der Verlinkung nicht erkennbar. Eine permanente  inhaltliche Kontrolle der verlinkten Seiten ist jedoch ohne konkrete Anhaltspunkte einer Rechtsverletzung nicht zumutbar. Bei Bekanntwerden von Rechtsverletzungen werden wir derartige Links umgehend entfernen.<\/p>\n\n\n\n<p><strong>Urheberrecht<\/strong><\/p>\n\n\n\n<p>Die durch die Seitenbetreiber erstellten Inhalte und Werke auf diesen Seiten unterliegen dem deutschen Urheberrecht. Die Vervielf\u00e4ltigung, Bearbeitung, Verbreitung und jede Art der Verwertung au\u00dferhalb der  Grenzen des Urheberrechtes bed\u00fcrfen der schriftlichen Zustimmung des jeweiligen Autors bzw. Erstellers. Downloads und Kopien dieser Seite sind nur f\u00fcr den privaten, nicht kommerziellen Gebrauch gestattet. Soweit die Inhalte auf dieser Seite nicht vom Betreiber erstellt wurden, werden die Urheberrechte Dritter beachtet. Sollten Sie trotzdem auf eine Urheberrechtsverletzung aufmerksam werden, bitten wir um einen entsprechenden Hinweis. Bei Bekanntwerden von Rechtsverletzungen werden wir derartige Inhalte umgehend entfernen.<\/p>\n\n\n\n<p><strong>Datenschutz<\/strong><\/p>\n\n\n\n<p>Die Nutzung unserer Webseite ist in der Regel ohne Angabe personenbezogener Daten m\u00f6glich. Soweit auf unseren Seiten personenbezogene Daten (beispielsweise Name, Anschrift oder  eMail-Adressen) erhoben werden, erfolgt dies, soweit m\u00f6glich, stets auf freiwilliger Basis. Diese Daten werden ohne Ihre ausdr\u00fcckliche Zustimmung nicht an Dritte weitergegeben.<br>Wir weisen darauf hin, dass die Daten\u00fcbertragung im Internet (z.B. bei der Kommunikation per E-Mail) Sicherheitsl\u00fccken aufweisen kann. Ein l\u00fcckenloser Schutz der Daten vor dem Zugriff durch Dritte ist nicht  m\u00f6glich.<br>Der Nutzung von im Rahmen der Impressumspflicht ver\u00f6ffentlichten Kontaktdaten durch Dritte zur \u00dcbersendung von nicht ausdr\u00fccklich  angeforderter Werbung und Informationsmaterialien wird hiermit  ausdr\u00fccklich widersprochen. Die Betreiber der Seiten behalten sich ausdr\u00fccklich rechtliche Schritte im Falle der unverlangten Zusendung von Werbeinformationen, etwa durch Spam-Mails, vor.<\/p>\n","protected":false},"excerpt":{"rendered":"<p>IMPRESSUM Angaben gem\u00e4\u00df \u00a7 5 TMGSebastian Olbrich so [\u00e4t] taop.de Verantwortlich f\u00fcr den Inhalt nach \u00a7 55 Abs. 2 RStV:Serjoscha Huff, Christopher Heimer FOTOS \/ DESIGN \u2013 Roland Fechter \/ Christopher Heimer Haftungsausschluss Haftung f\u00fcr Inhalte Die Inhalte unserer Seiten wurden mit gr\u00f6\u00dfter Sorgfalt erstellt. F\u00fcr die Richtigkeit, Vollst\u00e4ndigkeit und Aktualit\u00e4t der Inhalte k\u00f6nnen wir [&hellip;]<\/p>\n","protected":false},"author":1,"featured_media":0,"parent":0,"menu_order":0,"comment_status":"closed","ping_status":"closed","template":"","meta":{"footnotes":""},"class_list":["post-54","page","type-page","status-publish","hentry"],"yoast_head":"<!-- This site is optimized with the Yoast SEO plugin v24.3 - https:\/\/yoast.com\/wordpress\/plugins\/seo\/ -->\n<title>Even The Losers play Tom Petty - Tribute to Tom Petty and the Heartbreakers - LEGAL<\/title>\n<meta name=\"description\" content=\"Tom Petty, Tribute, Band, Hagen, Even The Losers\" \/>\n<meta name=\"robots\" content=\"index, follow, max-snippet:-1, max-image-preview:large, max-video-preview:-1\" \/>\n<link rel=\"canonical\" href=\"https:\/\/eventhelosers.de\/index.php\/legal\/\" \/>\n<meta property=\"og:locale\" content=\"de_DE\" \/>\n<meta property=\"og:type\" content=\"article\" \/>\n<meta property=\"og:title\" content=\"Even The Losers play Tom Petty - Tribute to Tom Petty and the Heartbreakers - LEGAL\" \/>\n<meta property=\"og:description\" content=\"Tom Petty, Tribute, Band, Hagen, Even The Losers\" \/>\n<meta property=\"og:url\" content=\"https:\/\/eventhelosers.de\/index.php\/legal\/\" \/>\n<meta property=\"og:site_name\" content=\"Even The Losers play Tom Petty - Tribute to Tom Petty and the Heartbreakers\" \/>\n<meta property=\"article:modified_time\" content=\"2025-01-02T12:12:30+00:00\" \/>\n<meta name=\"twitter:card\" content=\"summary_large_image\" \/>\n<meta name=\"twitter:label1\" content=\"Gesch\u00e4tzte Lesezeit\" \/>\n\t<meta name=\"twitter:data1\" content=\"2\u00a0Minuten\" \/>\n<script type=\"application\/ld+json\" class=\"yoast-schema-graph\">{\"@context\":\"https:\/\/schema.org\",\"@graph\":[{\"@type\":\"WebPage\",\"@id\":\"https:\/\/eventhelosers.de\/index.php\/legal\/\",\"url\":\"https:\/\/eventhelosers.de\/index.php\/legal\/\",\"name\":\"Even The Losers play Tom Petty - Tribute to Tom Petty and the Heartbreakers - LEGAL\",\"isPartOf\":{\"@id\":\"https:\/\/eventhelosers.de\/#website\"},\"datePublished\":\"2020-03-19T12:53:58+00:00\",\"dateModified\":\"2025-01-02T12:12:30+00:00\",\"description\":\"Tom Petty, Tribute, Band, Hagen, Even The Losers\",\"breadcrumb\":{\"@id\":\"https:\/\/eventhelosers.de\/index.php\/legal\/#breadcrumb\"},\"inLanguage\":\"de\",\"potentialAction\":[{\"@type\":\"ReadAction\",\"target\":[\"https:\/\/eventhelosers.de\/index.php\/legal\/\"]}]},{\"@type\":\"BreadcrumbList\",\"@id\":\"https:\/\/eventhelosers.de\/index.php\/legal\/#breadcrumb\",\"itemListElement\":[{\"@type\":\"ListItem\",\"position\":1,\"name\":\"Startseite\",\"item\":\"https:\/\/eventhelosers.de\/\"},{\"@type\":\"ListItem\",\"position\":2,\"name\":\"LEGAL\"}]},{\"@type\":\"WebSite\",\"@id\":\"https:\/\/eventhelosers.de\/#website\",\"url\":\"https:\/\/eventhelosers.de\/\",\"name\":\"Even The Losers play Tom Petty - Tribute to Tom Petty and the Heartbreakers\",\"description\":\"\",\"publisher\":{\"@id\":\"https:\/\/eventhelosers.de\/#organization\"},\"alternateName\":\"Tom Petty Tribute Band aus Hagen\",\"potentialAction\":[{\"@type\":\"SearchAction\",\"target\":{\"@type\":\"EntryPoint\",\"urlTemplate\":\"https:\/\/eventhelosers.de\/?s={search_term_string}\"},\"query-input\":{\"@type\":\"PropertyValueSpecification\",\"valueRequired\":true,\"valueName\":\"search_term_string\"}}],\"inLanguage\":\"de\"},{\"@type\":\"Organization\",\"@id\":\"https:\/\/eventhelosers.de\/#organization\",\"name\":\"Even The Losers play Tom Petty - Tribute to Tom Petty and the Heartbreakers\",\"alternateName\":\"Tom Petty Tribute-Band aus Hagen\",\"url\":\"https:\/\/eventhelosers.de\/\",\"logo\":{\"@type\":\"ImageObject\",\"inLanguage\":\"de\",\"@id\":\"https:\/\/eventhelosers.de\/#\/schema\/logo\/image\/\",\"url\":\"https:\/\/eventhelosers.de\/wp-content\/uploads\/2025\/01\/Header_Logo_und_Text-1.png\",\"contentUrl\":\"https:\/\/eventhelosers.de\/wp-content\/uploads\/2025\/01\/Header_Logo_und_Text-1.png\",\"width\":980,\"height\":300,\"caption\":\"Even The Losers play Tom Petty - Tribute to Tom Petty and the Heartbreakers\"},\"image\":{\"@id\":\"https:\/\/eventhelosers.de\/#\/schema\/logo\/image\/\"}}]}<\/script>\n<!-- \/ Yoast SEO plugin. -->","yoast_head_json":{"title":"Even The Losers play Tom Petty - Tribute to Tom Petty and the Heartbreakers - LEGAL","description":"Tom Petty, Tribute, Band, Hagen, Even The Losers","robots":{"index":"index","follow":"follow","max-snippet":"max-snippet:-1","max-image-preview":"max-image-preview:large","max-video-preview":"max-video-preview:-1"},"canonical":"https:\/\/eventhelosers.de\/index.php\/legal\/","og_locale":"de_DE","og_type":"article","og_title":"Even The Losers play Tom Petty - Tribute to Tom Petty and the Heartbreakers - LEGAL","og_description":"Tom Petty, Tribute, Band, Hagen, Even The Losers","og_url":"https:\/\/eventhelosers.de\/index.php\/legal\/","og_site_name":"Even The Losers play Tom Petty - Tribute to Tom Petty and the Heartbreakers","article_modified_time":"2025-01-02T12:12:30+00:00","twitter_card":"summary_large_image","twitter_misc":{"Gesch\u00e4tzte Lesezeit":"2\u00a0Minuten"},"schema":{"@context":"https:\/\/schema.org","@graph":[{"@type":"WebPage","@id":"https:\/\/eventhelosers.de\/index.php\/legal\/","url":"https:\/\/eventhelosers.de\/index.php\/legal\/","name":"Even The Losers play Tom Petty - Tribute to Tom Petty and the Heartbreakers - LEGAL","isPartOf":{"@id":"https:\/\/eventhelosers.de\/#website"},"datePublished":"2020-03-19T12:53:58+00:00","dateModified":"2025-01-02T12:12:30+00:00","description":"Tom Petty, Tribute, Band, Hagen, Even The Losers","breadcrumb":{"@id":"https:\/\/eventhelosers.de\/index.php\/legal\/#breadcrumb"},"inLanguage":"de","potentialAction":[{"@type":"ReadAction","target":["https:\/\/eventhelosers.de\/index.php\/legal\/"]}]},{"@type":"BreadcrumbList","@id":"https:\/\/eventhelosers.de\/index.php\/legal\/#breadcrumb","itemListElement":[{"@type":"ListItem","position":1,"name":"Startseite","item":"https:\/\/eventhelosers.de\/"},{"@type":"ListItem","position":2,"name":"LEGAL"}]},{"@type":"WebSite","@id":"https:\/\/eventhelosers.de\/#website","url":"https:\/\/eventhelosers.de\/","name":"Even The Losers play Tom Petty - Tribute to Tom Petty and the Heartbreakers","description":"","publisher":{"@id":"https:\/\/eventhelosers.de\/#organization"},"alternateName":"Tom Petty Tribute Band aus Hagen","potentialAction":[{"@type":"SearchAction","target":{"@type":"EntryPoint","urlTemplate":"https:\/\/eventhelosers.de\/?s={search_term_string}"},"query-input":{"@type":"PropertyValueSpecification","valueRequired":true,"valueName":"search_term_string"}}],"inLanguage":"de"},{"@type":"Organization","@id":"https:\/\/eventhelosers.de\/#organization","name":"Even The Losers play Tom Petty - Tribute to Tom Petty and the Heartbreakers","alternateName":"Tom Petty Tribute-Band aus Hagen","url":"https:\/\/eventhelosers.de\/","logo":{"@type":"ImageObject","inLanguage":"de","@id":"https:\/\/eventhelosers.de\/#\/schema\/logo\/image\/","url":"https:\/\/eventhelosers.de\/wp-content\/uploads\/2025\/01\/Header_Logo_und_Text-1.png","contentUrl":"https:\/\/eventhelosers.de\/wp-content\/uploads\/2025\/01\/Header_Logo_und_Text-1.png","width":980,"height":300,"caption":"Even The Losers play Tom Petty - Tribute to Tom Petty and the Heartbreakers"},"image":{"@id":"https:\/\/eventhelosers.de\/#\/schema\/logo\/image\/"}}]}},"_links":{"self":[{"href":"https:\/\/eventhelosers.de\/index.php\/wp-json\/wp\/v2\/pages\/54","targetHints":{"allow":["GET"]}}],"collection":[{"href":"https:\/\/eventhelosers.de\/index.php\/wp-json\/wp\/v2\/pages"}],"about":[{"href":"https:\/\/eventhelosers.de\/index.php\/wp-json\/wp\/v2\/types\/page"}],"author":[{"embeddable":true,"href":"https:\/\/eventhelosers.de\/index.php\/wp-json\/wp\/v2\/users\/1"}],"replies":[{"embeddable":true,"href":"https:\/\/eventhelosers.de\/index.php\/wp-json\/wp\/v2\/comments?post=54"}],"version-history":[{"count":1,"href":"https:\/\/eventhelosers.de\/index.php\/wp-json\/wp\/v2\/pages\/54\/revisions"}],"predecessor-version":[{"id":365,"href":"https:\/\/eventhelosers.de\/index.php\/wp-json\/wp\/v2\/pages\/54\/revisions\/365"}],"wp:attachment":[{"href":"https:\/\/eventhelosers.de\/index.php\/wp-json\/wp\/v2\/media?parent=54"}],"curies":[{"name":"wp","href":"https:\/\/api.w.org\/{rel}","templated":true}]}}