{"id":207,"date":"2020-04-17T11:20:12","date_gmt":"2020-04-17T11:20:12","guid":{"rendered":"https:\/\/josh.wehringhausen.org\/?page_id=207"},"modified":"2026-03-31T09:18:39","modified_gmt":"2026-03-31T09:18:39","slug":"tribute-to-tom-petty-and-the-heartbreakers","status":"publish","type":"page","link":"https:\/\/eventhelosers.de\/","title":{"rendered":"EVEN THE LOSERS &#8211; TOM PETTY TRIBUTE"},"content":{"rendered":"\n<figure class=\"wp-block-image alignwide size-full\"><img loading=\"lazy\" decoding=\"async\" width=\"2560\" height=\"2083\" src=\"https:\/\/eventhelosers.de\/wp-content\/uploads\/2025\/01\/Front_3000-scaled.jpg\" alt=\"Even The Losers play Tom Petty - Tribute to Tom Petty and the Heartbreakers\" class=\"wp-image-434\" srcset=\"https:\/\/eventhelosers.de\/wp-content\/uploads\/2025\/01\/Front_3000-scaled.jpg 2560w, https:\/\/eventhelosers.de\/wp-content\/uploads\/2025\/01\/Front_3000-300x244.jpg 300w, https:\/\/eventhelosers.de\/wp-content\/uploads\/2025\/01\/Front_3000-1024x833.jpg 1024w, https:\/\/eventhelosers.de\/wp-content\/uploads\/2025\/01\/Front_3000-768x625.jpg 768w, https:\/\/eventhelosers.de\/wp-content\/uploads\/2025\/01\/Front_3000-1536x1250.jpg 1536w, https:\/\/eventhelosers.de\/wp-content\/uploads\/2025\/01\/Front_3000-2048x1666.jpg 2048w, https:\/\/eventhelosers.de\/wp-content\/uploads\/2025\/01\/Front_3000-1200x976.jpg 1200w, https:\/\/eventhelosers.de\/wp-content\/uploads\/2025\/01\/Front_3000-1980x1611.jpg 1980w\" sizes=\"auto, (max-width: 2560px) 100vw, 2560px\" \/><\/figure>\n\n\n\n<hr class=\"wp-block-separator has-css-opacity\"\/>\n\n\n\n<h2 class=\"wp-block-heading has-text-align-center has-primary-color has-text-color has-link-color wp-elements-ff133126b8dce2eac014c5e1fa4b449e\"> &#8211; SHOWREEL &#8211;<\/h2>\n\n\n\n<figure class=\"wp-block-embed is-type-video is-provider-youtube wp-block-embed-youtube wp-embed-aspect-16-9 wp-has-aspect-ratio\"><div class=\"wp-block-embed__wrapper\">\n<iframe loading=\"lazy\" title=\"Even The Losers Play Tom Petty - SHOWREEL (Tribute to Tom Petty &amp; The Heartbreakers)\" width=\"580\" height=\"326\" src=\"https:\/\/www.youtube.com\/embed\/_uy7YHJctkI?feature=oembed\" frameborder=\"0\" allow=\"accelerometer; autoplay; clipboard-write; encrypted-media; gyroscope; picture-in-picture; web-share\" referrerpolicy=\"strict-origin-when-cross-origin\" allowfullscreen><\/iframe>\n<\/div><\/figure>\n\n\n\n<hr class=\"wp-block-separator has-css-opacity\"\/>\n\n\n\n<h2 class=\"wp-block-heading has-text-align-center has-primary-color has-text-color\" id=\"band\">TOM PETTY \u2665 TRIBUTE <br>&#8211; SEIT 2017 &#8211;<\/h2>\n\n\n\n<p class=\"has-primary-color has-accent-background-color has-text-color has-background\">Von A wie \u201eAmerican Girl\u201c bis Y wie \u201eYer so Bad\u201c: Knapp zwei Stunden Programm mit Hits, Perlen und ewigen Live-Favoriten. Dem Original voller Respekt verpflichtet, aber auch mal mit Mut zur eigenen Interpretation. Auf die B\u00fchne gebracht von einer bunten Schar Hagener Musiker mit v\u00f6llig unterschiedlichem Hintergrund, aber vereint durch die \u00fcberlebensgro\u00dfen Songs von Tom Petty.<\/p>\n\n\n\n<p>Josh Huff und Christopher Heimer, zwei der umtriebigsten Musiker in Hagens lebendiger Szene, hatten schon l\u00e4nger mit der Idee einer Tom Petty Tribute-Band gelieb\u00e4ugelt. Irgendwann, wenn mal Zeit daf\u00fcr w\u00e4re und der Meister selbst vielleicht gar nicht mehr auf Tour geht. Christopher hatte noch im Juni 2017 bei einem Festival in LA pers\u00f6nlich den Eindruck gewonnen, dass das so schnell nicht passieren w\u00fcrde. Dreieinhalb Monate sp\u00e4ter war Petty pl\u00f6tzlich tot. Noch am selben Tag warf Richard Hoppe die Frage in den Raum, ob man nicht einfach mal was machen sollte. Als Bowie starb und Richard noch in Glasgow wohnte, gab es Tributes schlie\u00dflich an jeder Ecke. Die Idee war geboren &#8211; und die Hagener Heartbreakers schon innerhalb weniger Tage mit Jan &#8222;Brenna&#8220; K\u00f6lpin, Tini Br\u00fchne und Sebo Olbrich komplett.<\/p>\n\n\n\n<p>Als &#8222;Josh Blackbird and the Brokenhearts&#8220; lieferten <strong>EVEN THE LOSERS<\/strong> nur einen Monat nach Pettys Tod im Hagener Pelmke Kulturzentrum vor vollem Haus eine denkw\u00fcrdige Tribute-Show, von der Besucher noch heute begeistert sprechen. Seitdem nutzen <strong>EVEN THE LOSERS<\/strong> jede Gelegenheit, diese wahnsinnig geilen Songs voller Leidenschaft zu spielen und gemeinsam mit anderen Petty-Fans einen der gr\u00f6\u00dften Songwriter aller Zeiten zu feiern. Ungek\u00fcnstelt, unverstellt, ohne alberne Kost\u00fcme und aufgesetzte Gesten. Rock\u2019n\u2018Roll pur &#8211; Tom w\u00fcrde es genau so wollen. Und wenn sich mit \u201eRunnin\u2019 Down A Dream\u201c das Finale ank\u00fcndigt, wissen alle:<\/p>\n\n\n\n<figure class=\"wp-block-image size-full\"><img loading=\"lazy\" decoding=\"async\" width=\"944\" height=\"230\" src=\"https:\/\/eventhelosers.de\/wp-content\/uploads\/2025\/01\/Zitat_two_col.png\" alt=\"\" class=\"wp-image-521\" srcset=\"https:\/\/eventhelosers.de\/wp-content\/uploads\/2025\/01\/Zitat_two_col.png 944w, https:\/\/eventhelosers.de\/wp-content\/uploads\/2025\/01\/Zitat_two_col-300x73.png 300w, https:\/\/eventhelosers.de\/wp-content\/uploads\/2025\/01\/Zitat_two_col-768x187.png 768w\" sizes=\"auto, (max-width: 944px) 100vw, 944px\" \/><\/figure>\n\n\n\n<blockquote class=\"wp-block-quote is-layout-flow wp-block-quote-is-layout-flow\">\n<p>Josh \u201eBlackbird\u201c Huff \u2013 Gesang, Gitarre, Harp<br>Christopher \u201eHeimi\u201c Heimer \u2013 Gitarre, Gesang<br>Richard Hoppe &#8211; 12string, Gesang<br>Jan \u201eBrenna\u201c K\u00f6lpin \u2013 Schlagzeug, Gesang<br>Tini &#8222;Benmont&#8220; Br\u00fchne \u2013 Tasten<br>Sebastian &#8222;Sebo&#8220; Olbrich \u2013 Bass<\/p>\n<\/blockquote>\n\n\n\n<hr class=\"wp-block-separator has-css-opacity\"\/>\n\n\n\n<h2 class=\"wp-block-heading has-text-align-center has-accent-color has-text-color\" id=\"live\">LIVE AND LOUD<\/h2>\n\n\n\n<h4 class=\"wp-block-heading has-text-align-center\">22.03.2026<br>Coverband Festival<br>Osnabr\u00fcck, Alando Palais<br><a href=\"https:\/\/alando-palais.de\/veranstaltungen\/coverband-festival\/\">TICKETS<\/a><br><br><\/h4>\n\n\n\n<hr class=\"wp-block-separator has-css-opacity\"\/>\n\n\n\n<h2 class=\"wp-block-heading has-text-align-center has-accent-color has-text-color\" id=\"kontakt\">KONTAKT<\/h2>\n\n\n\n<h5 class=\"wp-block-heading has-text-align-center\">Bitte nutzt das Formular f\u00fcr alle Booking-Anfragen!<\/h5>\n\n\n\n<div class=\"wpcf7 no-js\" id=\"wpcf7-f423-o1\" lang=\"de-DE\" dir=\"ltr\" data-wpcf7-id=\"423\">\n<div class=\"screen-reader-response\"><p role=\"status\" aria-live=\"polite\" aria-atomic=\"true\"><\/p> <ul><\/ul><\/div>\n<form action=\"\/index.php\/wp-json\/wp\/v2\/pages\/207#wpcf7-f423-o1\" method=\"post\" class=\"wpcf7-form init\" aria-label=\"Kontaktformular\" novalidate=\"novalidate\" data-status=\"init\">\n<div style=\"display: none;\">\n<input type=\"hidden\" name=\"_wpcf7\" value=\"423\" \/>\n<input type=\"hidden\" name=\"_wpcf7_version\" value=\"6.0.3\" \/>\n<input type=\"hidden\" name=\"_wpcf7_locale\" value=\"de_DE\" \/>\n<input type=\"hidden\" name=\"_wpcf7_unit_tag\" value=\"wpcf7-f423-o1\" \/>\n<input type=\"hidden\" name=\"_wpcf7_container_post\" value=\"0\" \/>\n<input type=\"hidden\" name=\"_wpcf7_posted_data_hash\" value=\"\" \/>\n<\/div>\n<p><label> Dein Name<br \/>\n<span class=\"wpcf7-form-control-wrap\" data-name=\"your-name\"><input size=\"40\" maxlength=\"400\" class=\"wpcf7-form-control wpcf7-text wpcf7-validates-as-required\" autocomplete=\"name\" aria-required=\"true\" aria-invalid=\"false\" value=\"\" type=\"text\" name=\"your-name\" \/><\/span> <\/label>\n<\/p>\n<p><label> Deine E-Mail-Adresse<br \/>\n<span class=\"wpcf7-form-control-wrap\" data-name=\"your-email\"><input size=\"40\" maxlength=\"400\" class=\"wpcf7-form-control wpcf7-email wpcf7-validates-as-required wpcf7-text wpcf7-validates-as-email\" autocomplete=\"email\" aria-required=\"true\" aria-invalid=\"false\" value=\"\" type=\"email\" name=\"your-email\" \/><\/span> <\/label>\n<\/p>\n<p><label> Betreff<br \/>\n<span class=\"wpcf7-form-control-wrap\" data-name=\"your-subject\"><input size=\"40\" maxlength=\"400\" class=\"wpcf7-form-control wpcf7-text wpcf7-validates-as-required\" aria-required=\"true\" aria-invalid=\"false\" value=\"\" type=\"text\" name=\"your-subject\" \/><\/span> <\/label>\n<\/p>\n<p><label> Deine Nachricht (optional)<br \/>\n<span class=\"wpcf7-form-control-wrap\" data-name=\"your-message\"><textarea cols=\"40\" rows=\"10\" maxlength=\"2000\" class=\"wpcf7-form-control wpcf7-textarea\" aria-invalid=\"false\" name=\"your-message\"><\/textarea><\/span> <\/label>\n<\/p>\n<p><input class=\"wpcf7-form-control wpcf7-submit has-spinner\" type=\"submit\" value=\"Senden\" \/>\n<\/p><p style=\"display: none !important;\" class=\"akismet-fields-container\" data-prefix=\"_wpcf7_ak_\"><label>&#916;<textarea name=\"_wpcf7_ak_hp_textarea\" cols=\"45\" rows=\"8\" maxlength=\"100\"><\/textarea><\/label><input type=\"hidden\" id=\"ak_js_1\" name=\"_wpcf7_ak_js\" value=\"246\"\/><script>document.getElementById( \"ak_js_1\" ).setAttribute( \"value\", ( new Date() ).getTime() );<\/script><\/p><div class=\"wpcf7-response-output\" aria-hidden=\"true\"><\/div>\n<\/form>\n<\/div>\n\n\n\n\n<h2 class=\"wp-block-heading has-text-align-center\">DOWNLOADS<\/h2>\n\n\n\n<h5 class=\"wp-block-heading has-text-align-center\">f\u00fcr <a href=\"https:\/\/eventhelosers.de\/index.php\/downloads\/\"><strong>PRESSE UND VERANSTALTER<\/strong><\/a><\/h5>\n\n\n\n<p><\/p>\n","protected":false},"excerpt":{"rendered":"<p>&#8211; SHOWREEL &#8211; TOM PETTY \u2665 TRIBUTE &#8211; SEIT 2017 &#8211; Von A wie \u201eAmerican Girl\u201c bis Y wie \u201eYer so Bad\u201c: Knapp zwei Stunden Programm mit Hits, Perlen und ewigen Live-Favoriten. Dem Original voller Respekt verpflichtet, aber auch mal mit Mut zur eigenen Interpretation. Auf die B\u00fchne gebracht von einer bunten Schar Hagener Musiker [&hellip;]<\/p>\n","protected":false},"author":1,"featured_media":0,"parent":0,"menu_order":0,"comment_status":"closed","ping_status":"closed","template":"","meta":{"footnotes":""},"class_list":["post-207","page","type-page","status-publish","hentry"],"yoast_head":"<!-- This site is optimized with the Yoast SEO plugin v24.3 - https:\/\/yoast.com\/wordpress\/plugins\/seo\/ -->\n<title>Even The Losers play Tom Petty - Tribute to Tom Petty and the Heartbreakers - EVEN THE LOSERS - TOM PETTY TRIBUTE<\/title>\n<meta name=\"description\" content=\"Tom Petty Tribute-Band aus Hagen - wir bringen seit 2017 die Hits von Tom Petty and the Heartbreakers mit hohem Anspruch auf die B\u00fchne.\" \/>\n<meta name=\"robots\" content=\"index, follow, max-snippet:-1, max-image-preview:large, max-video-preview:-1\" \/>\n<link rel=\"canonical\" href=\"https:\/\/eventhelosers.de\/\" \/>\n<meta property=\"og:locale\" content=\"de_DE\" \/>\n<meta property=\"og:type\" content=\"article\" \/>\n<meta property=\"og:title\" content=\"Even The Losers play Tom Petty - Tribute to Tom Petty and the Heartbreakers - EVEN THE LOSERS - TOM PETTY TRIBUTE\" \/>\n<meta property=\"og:description\" content=\"Tom Petty Tribute-Band aus Hagen - wir bringen seit 2017 die Hits von Tom Petty and the Heartbreakers mit hohem Anspruch auf die B\u00fchne.\" \/>\n<meta property=\"og:url\" content=\"https:\/\/eventhelosers.de\/\" \/>\n<meta property=\"og:site_name\" content=\"Even The Losers play Tom Petty - Tribute to Tom Petty and the Heartbreakers\" \/>\n<meta property=\"article:modified_time\" content=\"2026-03-31T09:18:39+00:00\" \/>\n<meta property=\"og:image\" content=\"https:\/\/eventhelosers.de\/wp-content\/uploads\/2025\/01\/Front_3000-scaled.jpg\" \/>\n\t<meta property=\"og:image:width\" content=\"2560\" \/>\n\t<meta property=\"og:image:height\" content=\"2083\" \/>\n\t<meta property=\"og:image:type\" content=\"image\/jpeg\" \/>\n<meta name=\"twitter:card\" content=\"summary_large_image\" \/>\n<meta name=\"twitter:label1\" content=\"Gesch\u00e4tzte Lesezeit\" \/>\n\t<meta name=\"twitter:data1\" content=\"3\u00a0Minuten\" \/>\n<script type=\"application\/ld+json\" class=\"yoast-schema-graph\">{\"@context\":\"https:\/\/schema.org\",\"@graph\":[{\"@type\":\"WebPage\",\"@id\":\"https:\/\/eventhelosers.de\/\",\"url\":\"https:\/\/eventhelosers.de\/\",\"name\":\"Even The Losers play Tom Petty - Tribute to Tom Petty and the Heartbreakers - EVEN THE LOSERS - TOM PETTY TRIBUTE\",\"isPartOf\":{\"@id\":\"https:\/\/eventhelosers.de\/#website\"},\"primaryImageOfPage\":{\"@id\":\"https:\/\/eventhelosers.de\/#primaryimage\"},\"image\":{\"@id\":\"https:\/\/eventhelosers.de\/#primaryimage\"},\"thumbnailUrl\":\"https:\/\/eventhelosers.de\/wp-content\/uploads\/2025\/01\/Front_3000-scaled.jpg\",\"datePublished\":\"2020-04-17T11:20:12+00:00\",\"dateModified\":\"2026-03-31T09:18:39+00:00\",\"description\":\"Tom Petty Tribute-Band aus Hagen - wir bringen seit 2017 die Hits von Tom Petty and the Heartbreakers mit hohem Anspruch auf die B\u00fchne.\",\"breadcrumb\":{\"@id\":\"https:\/\/eventhelosers.de\/#breadcrumb\"},\"inLanguage\":\"de\",\"potentialAction\":[{\"@type\":\"ReadAction\",\"target\":[\"https:\/\/eventhelosers.de\/\"]}]},{\"@type\":\"ImageObject\",\"inLanguage\":\"de\",\"@id\":\"https:\/\/eventhelosers.de\/#primaryimage\",\"url\":\"https:\/\/eventhelosers.de\/wp-content\/uploads\/2025\/01\/Front_3000-scaled.jpg\",\"contentUrl\":\"https:\/\/eventhelosers.de\/wp-content\/uploads\/2025\/01\/Front_3000-scaled.jpg\",\"width\":2560,\"height\":2083,\"caption\":\"Even The Losers play Tom Petty - Tribute to Tom Petty and the Heartbreakers\"},{\"@type\":\"BreadcrumbList\",\"@id\":\"https:\/\/eventhelosers.de\/#breadcrumb\",\"itemListElement\":[{\"@type\":\"ListItem\",\"position\":1,\"name\":\"Startseite\",\"item\":\"https:\/\/eventhelosers.de\/\"},{\"@type\":\"ListItem\",\"position\":2,\"name\":\"EVEN THE LOSERS &#8211; TOM PETTY TRIBUTE\"}]},{\"@type\":\"WebSite\",\"@id\":\"https:\/\/eventhelosers.de\/#website\",\"url\":\"https:\/\/eventhelosers.de\/\",\"name\":\"Even The Losers play Tom Petty - Tribute to Tom Petty and the Heartbreakers\",\"description\":\"\",\"publisher\":{\"@id\":\"https:\/\/eventhelosers.de\/#organization\"},\"alternateName\":\"Tom Petty Tribute Band aus Hagen\",\"potentialAction\":[{\"@type\":\"SearchAction\",\"target\":{\"@type\":\"EntryPoint\",\"urlTemplate\":\"https:\/\/eventhelosers.de\/?s={search_term_string}\"},\"query-input\":{\"@type\":\"PropertyValueSpecification\",\"valueRequired\":true,\"valueName\":\"search_term_string\"}}],\"inLanguage\":\"de\"},{\"@type\":\"Organization\",\"@id\":\"https:\/\/eventhelosers.de\/#organization\",\"name\":\"Even The Losers play Tom Petty - Tribute to Tom Petty and the Heartbreakers\",\"alternateName\":\"Tom Petty Tribute-Band aus Hagen\",\"url\":\"https:\/\/eventhelosers.de\/\",\"logo\":{\"@type\":\"ImageObject\",\"inLanguage\":\"de\",\"@id\":\"https:\/\/eventhelosers.de\/#\/schema\/logo\/image\/\",\"url\":\"https:\/\/eventhelosers.de\/wp-content\/uploads\/2025\/01\/Header_Logo_und_Text-1.png\",\"contentUrl\":\"https:\/\/eventhelosers.de\/wp-content\/uploads\/2025\/01\/Header_Logo_und_Text-1.png\",\"width\":980,\"height\":300,\"caption\":\"Even The Losers play Tom Petty - Tribute to Tom Petty and the Heartbreakers\"},\"image\":{\"@id\":\"https:\/\/eventhelosers.de\/#\/schema\/logo\/image\/\"}}]}<\/script>\n<!-- \/ Yoast SEO plugin. -->","yoast_head_json":{"title":"Even The Losers play Tom Petty - Tribute to Tom Petty and the Heartbreakers - EVEN THE LOSERS - TOM PETTY TRIBUTE","description":"Tom Petty Tribute-Band aus Hagen - wir bringen seit 2017 die Hits von Tom Petty and the Heartbreakers mit hohem Anspruch auf die B\u00fchne.","robots":{"index":"index","follow":"follow","max-snippet":"max-snippet:-1","max-image-preview":"max-image-preview:large","max-video-preview":"max-video-preview:-1"},"canonical":"https:\/\/eventhelosers.de\/","og_locale":"de_DE","og_type":"article","og_title":"Even The Losers play Tom Petty - Tribute to Tom Petty and the Heartbreakers - EVEN THE LOSERS - TOM PETTY TRIBUTE","og_description":"Tom Petty Tribute-Band aus Hagen - wir bringen seit 2017 die Hits von Tom Petty and the Heartbreakers mit hohem Anspruch auf die B\u00fchne.","og_url":"https:\/\/eventhelosers.de\/","og_site_name":"Even The Losers play Tom Petty - Tribute to Tom Petty and the Heartbreakers","article_modified_time":"2026-03-31T09:18:39+00:00","og_image":[{"width":2560,"height":2083,"url":"https:\/\/eventhelosers.de\/wp-content\/uploads\/2025\/01\/Front_3000-scaled.jpg","type":"image\/jpeg"}],"twitter_card":"summary_large_image","twitter_misc":{"Gesch\u00e4tzte Lesezeit":"3\u00a0Minuten"},"schema":{"@context":"https:\/\/schema.org","@graph":[{"@type":"WebPage","@id":"https:\/\/eventhelosers.de\/","url":"https:\/\/eventhelosers.de\/","name":"Even The Losers play Tom Petty - Tribute to Tom Petty and the Heartbreakers - EVEN THE LOSERS - TOM PETTY TRIBUTE","isPartOf":{"@id":"https:\/\/eventhelosers.de\/#website"},"primaryImageOfPage":{"@id":"https:\/\/eventhelosers.de\/#primaryimage"},"image":{"@id":"https:\/\/eventhelosers.de\/#primaryimage"},"thumbnailUrl":"https:\/\/eventhelosers.de\/wp-content\/uploads\/2025\/01\/Front_3000-scaled.jpg","datePublished":"2020-04-17T11:20:12+00:00","dateModified":"2026-03-31T09:18:39+00:00","description":"Tom Petty Tribute-Band aus Hagen - wir bringen seit 2017 die Hits von Tom Petty and the Heartbreakers mit hohem Anspruch auf die B\u00fchne.","breadcrumb":{"@id":"https:\/\/eventhelosers.de\/#breadcrumb"},"inLanguage":"de","potentialAction":[{"@type":"ReadAction","target":["https:\/\/eventhelosers.de\/"]}]},{"@type":"ImageObject","inLanguage":"de","@id":"https:\/\/eventhelosers.de\/#primaryimage","url":"https:\/\/eventhelosers.de\/wp-content\/uploads\/2025\/01\/Front_3000-scaled.jpg","contentUrl":"https:\/\/eventhelosers.de\/wp-content\/uploads\/2025\/01\/Front_3000-scaled.jpg","width":2560,"height":2083,"caption":"Even The Losers play Tom Petty - Tribute to Tom Petty and the Heartbreakers"},{"@type":"BreadcrumbList","@id":"https:\/\/eventhelosers.de\/#breadcrumb","itemListElement":[{"@type":"ListItem","position":1,"name":"Startseite","item":"https:\/\/eventhelosers.de\/"},{"@type":"ListItem","position":2,"name":"EVEN THE LOSERS &#8211; TOM PETTY TRIBUTE"}]},{"@type":"WebSite","@id":"https:\/\/eventhelosers.de\/#website","url":"https:\/\/eventhelosers.de\/","name":"Even The Losers play Tom Petty - Tribute to Tom Petty and the Heartbreakers","description":"","publisher":{"@id":"https:\/\/eventhelosers.de\/#organization"},"alternateName":"Tom Petty Tribute Band aus Hagen","potentialAction":[{"@type":"SearchAction","target":{"@type":"EntryPoint","urlTemplate":"https:\/\/eventhelosers.de\/?s={search_term_string}"},"query-input":{"@type":"PropertyValueSpecification","valueRequired":true,"valueName":"search_term_string"}}],"inLanguage":"de"},{"@type":"Organization","@id":"https:\/\/eventhelosers.de\/#organization","name":"Even The Losers play Tom Petty - Tribute to Tom Petty and the Heartbreakers","alternateName":"Tom Petty Tribute-Band aus Hagen","url":"https:\/\/eventhelosers.de\/","logo":{"@type":"ImageObject","inLanguage":"de","@id":"https:\/\/eventhelosers.de\/#\/schema\/logo\/image\/","url":"https:\/\/eventhelosers.de\/wp-content\/uploads\/2025\/01\/Header_Logo_und_Text-1.png","contentUrl":"https:\/\/eventhelosers.de\/wp-content\/uploads\/2025\/01\/Header_Logo_und_Text-1.png","width":980,"height":300,"caption":"Even The Losers play Tom Petty - Tribute to Tom Petty and the Heartbreakers"},"image":{"@id":"https:\/\/eventhelosers.de\/#\/schema\/logo\/image\/"}}]}},"_links":{"self":[{"href":"https:\/\/eventhelosers.de\/index.php\/wp-json\/wp\/v2\/pages\/207","targetHints":{"allow":["GET"]}}],"collection":[{"href":"https:\/\/eventhelosers.de\/index.php\/wp-json\/wp\/v2\/pages"}],"about":[{"href":"https:\/\/eventhelosers.de\/index.php\/wp-json\/wp\/v2\/types\/page"}],"author":[{"embeddable":true,"href":"https:\/\/eventhelosers.de\/index.php\/wp-json\/wp\/v2\/users\/1"}],"replies":[{"embeddable":true,"href":"https:\/\/eventhelosers.de\/index.php\/wp-json\/wp\/v2\/comments?post=207"}],"version-history":[{"count":54,"href":"https:\/\/eventhelosers.de\/index.php\/wp-json\/wp\/v2\/pages\/207\/revisions"}],"predecessor-version":[{"id":536,"href":"https:\/\/eventhelosers.de\/index.php\/wp-json\/wp\/v2\/pages\/207\/revisions\/536"}],"wp:attachment":[{"href":"https:\/\/eventhelosers.de\/index.php\/wp-json\/wp\/v2\/media?parent=207"}],"curies":[{"name":"wp","href":"https:\/\/api.w.org\/{rel}","templated":true}]}}